{"id":606,"date":"2016-11-23T22:02:21","date_gmt":"2016-11-23T21:02:21","guid":{"rendered":"http:\/\/www.vernelle.fr\/?page_id=606"},"modified":"2026-03-12T00:28:22","modified_gmt":"2026-03-11T23:28:22","slug":"gites","status":"publish","type":"page","link":"https:\/\/www.vernelle.fr\/index.php\/home\/gites\/","title":{"rendered":"G\u00eetes"},"content":{"rendered":"<div id=\"cs-content\" class=\"cs-content\"><div id=\"x-section-1\" class=\"x-section\" style=\"margin: 0px;padding: 45px 0px; background-color: transparent;\" ><div id=\"\" class=\"x-container max width\" style=\"margin: 0px auto;padding: 0px;\" ><div  class=\"x-column x-sm x-1-1\" style=\"padding: 0px;\" ><h1  class=\"h-custom-headline h1\" style=\"font-family: grand hotel; font-size: 70px;\"><span>G\u00eetes du Prieur\u00e9 de Vernelle <\/span><\/h1><h2  class=\"h-feature-headline h4\" ><span><i class=\"x-icon-bed x-framework-icon\" data-x-icon-s=\"&#xf236;\" ><\/i>G\u00eete du Monast\u00e8re XII\u00e8me si\u00e8cle<\/span><\/h2><div id=\"\" class=\"x-text\" style=\"\" ><ul>\n<li>\u00a04 chambres avec salle de bain\/douche et toilettes privatives : 675\u20ac\/nuit<\/li>\n<\/ul>\n<p>- Chambres des B\u00e9n\u00e9dictins : 2 lits doubles, un lit simple<\/p>\n<p>- Chambre Louis XIII : 1 lit king size<\/p>\n<p>- Chambre des Moines : 1 lit double, 1 lit simple<\/p>\n<p>- Chambre des Templiers : 1 lit double<\/p>\n<\/div><h2  class=\"h-feature-headline h4\" ><span><i class=\"x-icon-bed x-framework-icon\" data-x-icon-s=\"&#xf236;\" ><\/i>G\u00eete de la Chapelle<\/span><\/h2><div id=\"\" class=\"x-text\" style=\"\" ><ul>\n<li>\u00a02 chambres pour 6 personnes 1 salle d'eau : 295\u20ac \/nuit<\/li>\n<\/ul>\n<\/div><h2  class=\"h-feature-headline h4\" ><span><i class=\"x-icon-bed x-framework-icon\" data-x-icon-s=\"&#xf236;\" ><\/i>G\u00eete le Clos 18\u00e8me<\/span><\/h2><div id=\"\" class=\"x-text\" style=\"\" ><ul>\n<li>\u00a04 chambres pour 10 personnes 2 salles d'eau 2 salles de bain et 1 jacuzzi : 850\u20ac \/nuit<\/li>\n<\/ul>\n<\/div><h2  class=\"h-feature-headline h4\" ><span><i class=\"x-icon-bed x-framework-icon\" data-x-icon-s=\"&#xf236;\" ><\/i>G\u00eete de la Tour<\/span><\/h2><div id=\"\" class=\"x-text\" style=\"\" ><ul>\n<li>\u00a0Maison de la tour comprenant 1 suite et une chambre pour 2 couples et un dortoir de 8 lits individuels, un lit double : 750\u20ac\/nuit<\/li>\n<\/ul>\n<p>- 1 suite pour 2 personnes avec douche et baignoire<\/p>\n<p>- 1 chambre pour 4 personnes avec salle de bain et douche<\/p>\n<p>- 1 dortoir : 8 lits simple, avec salle d'eau et toilettes<\/p>\n<\/div><h2  class=\"h-feature-headline h4\" ><span><i class=\"x-icon-bed x-framework-icon\" data-x-icon-s=\"&#xf236;\" ><\/i>G\u00eete de la Roseraie<\/span><\/h2><div id=\"\" class=\"x-text\" style=\"\" ><ul>\n<li>\u00a0G\u00eete pour 18 personnes en r\u00e9novation : (En cours d'ouverture)<\/li>\n<\/ul>\n<p>- 2 chambres de 5 personnes avec mezzanine avec une salle de bain et une salle d'eau<\/p>\n<p>- 1 chambre de 4 personnes avec salle d'eau<\/p>\n<p>- 2 chambres 2 personnes avec 1 salle de bain baln\u00e9oth\u00e9rapie et une salle d'eau<\/p>\n<\/div><h2  class=\"h-feature-headline h4\" ><span><i class=\"x-icon-bed x-framework-icon\" data-x-icon-s=\"&#xf236;\" ><\/i>G\u00eete de la Bergerie<\/span><\/h2><div id=\"\" class=\"x-text\" style=\"\" ><ul>\n<li>2 chambres pour 10 personnes : 470\u20ac\/nuit<\/li>\n<\/ul>\n<ul>\n<li>\u00a01 lit double<\/li>\n<\/ul>\n<ul>\n<li>\u00a08 lits individuelles<\/li>\n<\/ul>\n<ul><\/ul>\n<\/div><h2  class=\"h-feature-headline h4\" ><span><i class=\"x-icon-lightbulb-o x-framework-icon\" data-x-icon-s=\"&#xf0eb;\" ><\/i>Informations suppl\u00e9mentaires <\/span><\/h2><div id=\"\" class=\"x-text\" style=\"\" ><ul>\n<li>\u00a0Ces tarifs sont valables toute l'ann\u00e9e<\/li>\n<\/ul>\n<ul>\n<li>\u00a0Le linge de maison est fourni<\/li>\n<\/ul>\n<ul>\n<li>\u00a0Wifi gratuite<\/li>\n<\/ul>\n<ul>\n<li>Taxe de s\u00e9jour en sus<\/li>\n<\/ul>\n<\/div><h3  class=\"x-text-type cs-ta-center h3\" style=\"font-family: grand hotel; font-size: 50px;\" data-x-element-text-type=\"{&quot;strings&quot;:[&quot;pour c\\u00e9l\\u00e9brer votre mariage&quot;,&quot;dans ses G\\u00eetes &quot;,&quot;pour l&amp;#039;organisation d&amp;#039;un s\\u00e9minaire&quot;,&quot;pour un anniversaire &quot;,&quot;pour un bapt\\u00eame&quot;,&quot;pour une soir\\u00e9e \\u00e9tudiante &quot;,&quot;pour un tournage &quot;,&quot;pour un weekend en amoureux&quot;,&quot;&quot;],&quot;type_speed&quot;:50,&quot;start_delay&quot;:0,&quot;back_speed&quot;:50,&quot;back_delay&quot;:3000,&quot;loop&quot;:true,&quot;show_cursor&quot;:true,&quot;cursor&quot;:&quot;|&quot;}\"><span class=\"prefix\">Le Prieur\u00e9 de Vernelle vous accueille <\/span><span class=\"text\"><\/span><span class=\"suffix\">!<\/span><\/h3><\/div><\/div><\/div><\/div>","protected":false},"excerpt":{"rendered":"<p>G\u00eetes du Prieur\u00e9 de Vernelle G\u00eete du Monast\u00e8re XII\u00e8me si\u00e8cle \u00a04 chambres avec salle de bain\/douche et toilettes privatives : 675\u20ac\/nuit &#8211; Chambres des B\u00e9n\u00e9dictins : 2 lits doubles, un lit simple &#8211; Chambre Louis XIII : 1 lit king size &#8211; Chambre des Moines : 1 lit double, 1 lit simple &#8211; Chambre des Templiers : 1 lit double &#8230; <\/p>\n<div><a href=\"https:\/\/www.vernelle.fr\/index.php\/home\/gites\/\" class=\"more-link\">Read More<\/a><\/div>\n","protected":false},"author":1,"featured_media":0,"parent":106,"menu_order":0,"comment_status":"closed","ping_status":"closed","template":"template-blank-4.php","meta":{"footnotes":""},"class_list":["post-606","page","type-page","status-publish","hentry","no-post-thumbnail"],"_links":{"self":[{"href":"https:\/\/www.vernelle.fr\/index.php\/wp-json\/wp\/v2\/pages\/606","targetHints":{"allow":["GET"]}}],"collection":[{"href":"https:\/\/www.vernelle.fr\/index.php\/wp-json\/wp\/v2\/pages"}],"about":[{"href":"https:\/\/www.vernelle.fr\/index.php\/wp-json\/wp\/v2\/types\/page"}],"author":[{"embeddable":true,"href":"https:\/\/www.vernelle.fr\/index.php\/wp-json\/wp\/v2\/users\/1"}],"replies":[{"embeddable":true,"href":"https:\/\/www.vernelle.fr\/index.php\/wp-json\/wp\/v2\/comments?post=606"}],"version-history":[{"count":45,"href":"https:\/\/www.vernelle.fr\/index.php\/wp-json\/wp\/v2\/pages\/606\/revisions"}],"predecessor-version":[{"id":984,"href":"https:\/\/www.vernelle.fr\/index.php\/wp-json\/wp\/v2\/pages\/606\/revisions\/984"}],"up":[{"embeddable":true,"href":"https:\/\/www.vernelle.fr\/index.php\/wp-json\/wp\/v2\/pages\/106"}],"wp:attachment":[{"href":"https:\/\/www.vernelle.fr\/index.php\/wp-json\/wp\/v2\/media?parent=606"}],"curies":[{"name":"wp","href":"https:\/\/api.w.org\/{rel}","templated":true}]}}